{"id":13,"date":"2025-04-17T16:07:07","date_gmt":"2025-04-17T16:07:07","guid":{"rendered":"https:\/\/pokojenadmorzemewak.pl\/?page_id=13"},"modified":"2025-05-04T15:53:11","modified_gmt":"2025-05-04T15:53:11","slug":"szczegoly","status":"publish","type":"page","link":"https:\/\/pokojenadmorzemewak.pl\/index.php\/szczegoly\/","title":{"rendered":"Szczeg\u00f3\u0142y"},"content":{"rendered":"\n<p class=\"has-medium-font-size\">Je\u015bli zdecydowali si\u0119 Pa\u0144stwo na wypoczynek w miejscu i warunkach jakie Pa\u0144stwu oferujemy, lub zastanawiacie si\u0119 nad wyborem, aby pom\u00f3c w decyzji, uprzyjemni\u0107 pobyt i unikn\u0105\u0107 sytuacji, kt\u00f3re Pa\u0144stwa lub nas zaskocz\u0105, gor\u0105co polecamy lektur\u0119 tego dzia\u0142u.<br>Znajdziecie tu Pa\u0144stwo wiele szczeg\u00f3\u0142\u00f3w dotycz\u0105cych warunk\u00f3w i zasad z jakimi b\u0119dzie dane nam&nbsp; si\u0119 spotka\u0107.<\/p>\n\n\n\n<p class=\"has-medium-font-size\">Zdajemy sobie oczywi\u015bcie&nbsp; spraw\u0119, i\u017c wszystkiego napisa\u0107 si\u0119 nie da, a pr\u00f3ba dokonania tego szybko Pa\u0144stwa znudzi \u2013 dlatego zach\u0119camy do kontaktu telefonicznego lub mailowego w celu wyja\u015bnienia i odpowiedzi na nurtuj\u0105ce Pa\u0144stwa pytania.<\/p>\n\n\n\n<p class=\"has-medium-font-size\"><\/p>\n","protected":false},"excerpt":{"rendered":"<p>Je\u015bli zdecydowali si\u0119 Pa\u0144stwo na wypoczynek w miejscu i warunkach jakie Pa\u0144stwu oferujemy, lub zastanawiacie si\u0119 nad wyborem, aby pom\u00f3c w decyzji, uprzyjemni\u0107 pobyt i unikn\u0105\u0107 sytuacji, kt\u00f3re Pa\u0144stwa lub [&hellip;]<\/p>\n","protected":false},"author":2,"featured_media":0,"parent":0,"menu_order":0,"comment_status":"closed","ping_status":"closed","template":"","meta":{"footnotes":""},"class_list":["post-13","page","type-page","status-publish","hentry"],"_links":{"self":[{"href":"https:\/\/pokojenadmorzemewak.pl\/index.php\/wp-json\/wp\/v2\/pages\/13","targetHints":{"allow":["GET"]}}],"collection":[{"href":"https:\/\/pokojenadmorzemewak.pl\/index.php\/wp-json\/wp\/v2\/pages"}],"about":[{"href":"https:\/\/pokojenadmorzemewak.pl\/index.php\/wp-json\/wp\/v2\/types\/page"}],"author":[{"embeddable":true,"href":"https:\/\/pokojenadmorzemewak.pl\/index.php\/wp-json\/wp\/v2\/users\/2"}],"replies":[{"embeddable":true,"href":"https:\/\/pokojenadmorzemewak.pl\/index.php\/wp-json\/wp\/v2\/comments?post=13"}],"version-history":[{"count":2,"href":"https:\/\/pokojenadmorzemewak.pl\/index.php\/wp-json\/wp\/v2\/pages\/13\/revisions"}],"predecessor-version":[{"id":207,"href":"https:\/\/pokojenadmorzemewak.pl\/index.php\/wp-json\/wp\/v2\/pages\/13\/revisions\/207"}],"wp:attachment":[{"href":"https:\/\/pokojenadmorzemewak.pl\/index.php\/wp-json\/wp\/v2\/media?parent=13"}],"curies":[{"name":"wp","href":"https:\/\/api.w.org\/{rel}","templated":true}]}}