{"id":15,"date":"2025-04-17T16:08:15","date_gmt":"2025-04-17T16:08:15","guid":{"rendered":"https:\/\/pokojenadmorzemewak.pl\/?page_id=15"},"modified":"2025-05-04T22:31:25","modified_gmt":"2025-05-04T22:31:25","slug":"co-wewnatrz","status":"publish","type":"page","link":"https:\/\/pokojenadmorzemewak.pl\/index.php\/co-wewnatrz\/","title":{"rendered":"Co wewn\u0105trz?"},"content":{"rendered":"\n<h6 class=\"wp-block-heading\">Pokoje nad morzem Mikoszewo<\/h6>\n\n\n\n<p class=\"has-medium-font-size\"><\/p>\n\n\n\n<div class=\"wp-block-media-text is-stacked-on-mobile\" style=\"grid-template-columns:24% auto\"><figure class=\"wp-block-media-text__media\"><img loading=\"lazy\" decoding=\"async\" width=\"1536\" height=\"2048\" src=\"https:\/\/pokojenadmorzemewak.pl\/wp-content\/uploads\/2025\/05\/465230149_8496131260483788_2024884530691099838_n.jpg\" alt=\"\" class=\"wp-image-222 size-full\"\/><\/figure><div class=\"wp-block-media-text__content\">\n<p class=\"has-medium-font-size\">Jak ju\u017c Pa\u0144stwo zobaczyli w galerii, czekaj\u0105 na Pa\u0144stwa pokoje wyposa\u017cone w \u0142\u00f3\u017cka, kt\u00f3re ustawiane s\u0105 w spos\u00f3b dla Pa\u0144stwa najdogodniejszy (osobno lub zsuwane razem), niewielki telewizor, radio, szafki nocne z lampk\u0105. W pokoju r\u00f3wnie\u017c nie powinno zabrakn\u0105\u0107 gniazdek do pod\u0142\u0105czania sprz\u0119tu elektrycznego typu: golarka, \u0142adowarka do telefonu czy laptopa.<\/p>\n\n\n\n<p class=\"has-medium-font-size\">B\u0119d\u0105c ju\u017c przy tym temacie pragniemy zagwarantowa\u0107 Pa\u0144stwu ca\u0142odobowy dost\u0119p do sieci internet tak poprzez WiFi jak r\u00f3wnie\u017c poprzez bezpo\u015brednie po\u0142\u0105czenie kablowe dla tych, kt\u00f3rzy przyjad\u0105 do nas z w\u0142asnym sprz\u0119tem.<br>Ci z Pa\u0144stwa, kt\u00f3rzy takiego sprz\u0119tu nie posiadaj\u0105 mog\u0105 liczy\u0107 na nieodp\u0142atne* korzystanie z naszych notebook\u00f3w (<a href=\"https:\/\/web.archive.org\/web\/20220406115437\/https:\/\/at-outlet.pl\/img\/product_media\/1001-2000\/d600_003.png\">Dell D600<\/a>&nbsp;lub<a href=\"https:\/\/web.archive.org\/web\/20220406115437\/https:\/\/a.allegroimg.com\/original\/0cd7ec\/5f6666a94de7b54a808aabd8a776\">&nbsp;D610<\/a>&nbsp;z systemem Windows XP).<\/p>\n<\/div><\/div>\n\n\n\n<p class=\"has-medium-font-size\">\u0141azienki jakie maj\u0105 Pa\u0144stwo do dyspozycji mo\u017ce nie dor\u00f3wnuj\u0105 tym w Wersalu ale s\u0105 schludne, czyste i funkcjonalne. Wyposa\u017cone w kabiny prysznicowe do\u015b\u0107 poka\u017anych rozmiar\u00f3w.<\/p>\n\n\n\n<p class=\"has-medium-font-size\">Dzi\u0119ki wn\u0119kom w hallu wyposa\u017conym w rega\u0142y i wieszaki nie b\u0119dziecie Pa\u0144stwo skazani na ci\u0105g\u0142e przek\u0142adanie swojej garderoby \u201ez k\u0105ta w k\u0105t\u201d.<br>Chc\u0105c zapewni\u0107 Pa\u0144stwu poczucie minimum bezpiecze\u0144stwa, oddajemy do Pa\u0144stwa dyspozycji niewielki sejf w pokoju, aby\u015bcie&nbsp; mogli w nim bezpiecznie z\u0142o\u017cy\u0107 najcenniejsze przedmioty (bi\u017cuteria, karty kredytowe, got\u00f3wka, kluczyki samochodowe czy dokumenty). Przytwierdzony na sta\u0142e sejf zamykany jest na zamek elektroniczny z kodem ustalanym samodzielnie.<\/p>\n\n\n\n<p class=\"has-medium-font-size\">Pokoje, bo tak nazywamy zestaw pomieszcze\u0144 oddany do Pa\u0144stwa wy\u0142\u0105cznej dyspozycji sk\u0142adaj\u0105cy si\u0119 ze wspomnianego 16-sto metrowego pokoju, \u0142azienki (3,6m<sup>2)<\/sup>&nbsp;oraz hallu z nadmienion\u0105 ju\u017c wn\u0119k\u0105 garderobian\u0105, odwiedzane s\u0105 przez nas tylko w sytuacjach \u201eawaryjnych\u201d i nigdy podczas nieobecno\u015bci u\u017cytkownika. Piszemy o tym aby\u015bcie mieli Pa\u0144stwo pewno\u015b\u0107, i\u017c chcemy&nbsp;zapewni\u0107 Wam poczucie prywatno\u015bci oraz intymno\u015bci.<br>Oczywi\u015bcie poci\u0105ga to za sob\u0105 konieczno\u015b\u0107 zachowania czysto\u015bci i higieny we w\u0142asnym zakresie na poziomie jaki Pa\u0144stwo sobie ustalicie.<\/p>\n\n\n\n<p class=\"has-medium-font-size\"><\/p>\n\n\n\n<div class=\"wp-block-media-text has-media-on-the-right is-stacked-on-mobile\" style=\"grid-template-columns:auto 32%\"><div class=\"wp-block-media-text__content\">\n<p class=\"has-medium-font-size\">Wej\u015bcia do tych pomieszcze\u0144 znajduj\u0105 si\u0119 wewn\u0105trz budynku, a prowadzi do nich korytarz, na ko\u0144cu kt\u00f3rego jest miejsce ch\u0119tnie okupowane przez dzieci.<br>Korytarz g\u0142\u00f3wny, a jest ich cztery, prowadzi do czterech pokoi i stanowi rodzaj autonomii, do kt\u00f3rej nale\u017cy r\u00f3wnie\u017c w pe\u0142ni wyposa\u017cona kuchnia, na tyle du\u017ca, aby w poczuciu komfortu spo\u017cy\u0107 w niej przygotowany przez siebie posi\u0142ek.<\/p>\n<\/div><figure class=\"wp-block-media-text__media\"><img loading=\"lazy\" decoding=\"async\" width=\"960\" height=\"720\" src=\"https:\/\/pokojenadmorzemewak.pl\/wp-content\/uploads\/2025\/04\/458752078_8084822628281322_7706763951691831105_n.jpg\" alt=\"\" class=\"wp-image-87 size-full\"\/><\/figure><\/div>\n\n\n\n<p class=\"has-medium-font-size\"><\/p>\n\n\n\n<div class=\"wp-block-media-text is-stacked-on-mobile\" style=\"grid-template-columns:37% auto\"><figure class=\"wp-block-media-text__media\"><img loading=\"lazy\" decoding=\"async\" width=\"960\" height=\"720\" src=\"https:\/\/pokojenadmorzemewak.pl\/wp-content\/uploads\/2025\/05\/458762391_8084822621614656_6335781589160538027_n.jpg\" alt=\"\" class=\"wp-image-228 size-full\"\/><\/figure><div class=\"wp-block-media-text__content\">\n<p class=\"has-medium-font-size\">Na zewn\u0105trz dolnych kuchni i dolnych pokoi macie Pa\u0144stwo do dyspozycji tarasy, kt\u00f3re umo\u017cliwiaj\u0105 sp\u0119dzenie chwili czasu na zewn\u0105trz z ulubion\u0105 ksi\u0105\u017ck\u0105 przy kawie.<br>W tym miejscu byliby\u015bmy nieuczciwi gdyby\u015bmy nie wspomnieli o naszych oczekiwaniach w temacie palenia tytoniu wewn\u0105trz budynku.<br>S\u0105 one jasne i konkretne \u2013 spodziewamy si\u0119, i\u017c nie b\u0119dziecie Pa\u0144stwo palili tytoniu wewn\u0105trz pomieszcze\u0144 (dotyczy to r\u00f3wnie\u017c \u0142azienek).<\/p>\n<\/div><\/div>\n\n\n\n<div class=\"wp-block-media-text has-media-on-the-right is-stacked-on-mobile\" style=\"grid-template-columns:auto 43%\"><div class=\"wp-block-media-text__content\">\n<p class=\"has-medium-font-size\">Zaraz po przekroczeniu progu budynku oczom Pa\u0144stwa uka\u017ce si\u0119 sala og\u00f3lna (70 m<sup>2<\/sup>) z bilardem i z antresol\u0105. Miejsce wsp\u00f3lnych spotka\u0144, zabaw i udost\u0119pnionych gier (dart, szachy warcaby, karty, tenis sto\u0142owy bilard).<\/p>\n<\/div><figure class=\"wp-block-media-text__media\"><img loading=\"lazy\" decoding=\"async\" width=\"1280\" height=\"720\" src=\"https:\/\/pokojenadmorzemewak.pl\/wp-content\/uploads\/2025\/04\/464409028_8442746809155567_4914537647797346614_n.jpg\" alt=\"\" class=\"wp-image-107 size-full\"\/><\/figure><\/div>\n\n\n\n<p class=\"has-medium-font-size\">Miejsce, w kt\u00f3rym spotykaj\u0105 si\u0119 kibice sportowi \u015bledz\u0105c poczynania ich ulubie\u0144c\u00f3w na ekranie du\u017cego telewizora.<br>Dla grup zorganizowanych lub zintegrowanych istnieje mo\u017cliwo\u015b\u0107 odpowiedniego\u00a0\ud83d\ude09 nag\u0142o\u015bnienia i o\u015bwietlenia sali w celu wsp\u00f3lnej zabawy.<\/p>\n\n\n\n<p class=\"has-medium-font-size\">Warto naszym zdaniem&nbsp; wspomnie\u0107 jeszcze o pomieszczeniu, w kt\u00f3rym przechowywane s\u0105 rowery je\u015bli takowe Pa\u0144stwo ze sob\u0105 przywieziecie \u2013 do czego serdecznie namawiamy (jest gdzie poje\u017adzi\u0107).<\/p>\n\n\n\n<p class=\"has-medium-font-size\">* za korzystanie nie pobieramy op\u0142at lecz wymagamy zwrotnej kaucji w wysoko\u015bci 300 z\u0142.<\/p>\n","protected":false},"excerpt":{"rendered":"<p>Pokoje nad morzem Mikoszewo Jak ju\u017c Pa\u0144stwo zobaczyli w galerii, czekaj\u0105 na Pa\u0144stwa pokoje wyposa\u017cone w \u0142\u00f3\u017cka, kt\u00f3re ustawiane s\u0105 w spos\u00f3b dla Pa\u0144stwa najdogodniejszy (osobno lub zsuwane razem), niewielki [&hellip;]<\/p>\n","protected":false},"author":2,"featured_media":0,"parent":0,"menu_order":0,"comment_status":"closed","ping_status":"closed","template":"","meta":{"footnotes":""},"class_list":["post-15","page","type-page","status-publish","hentry"],"_links":{"self":[{"href":"https:\/\/pokojenadmorzemewak.pl\/index.php\/wp-json\/wp\/v2\/pages\/15","targetHints":{"allow":["GET"]}}],"collection":[{"href":"https:\/\/pokojenadmorzemewak.pl\/index.php\/wp-json\/wp\/v2\/pages"}],"about":[{"href":"https:\/\/pokojenadmorzemewak.pl\/index.php\/wp-json\/wp\/v2\/types\/page"}],"author":[{"embeddable":true,"href":"https:\/\/pokojenadmorzemewak.pl\/index.php\/wp-json\/wp\/v2\/users\/2"}],"replies":[{"embeddable":true,"href":"https:\/\/pokojenadmorzemewak.pl\/index.php\/wp-json\/wp\/v2\/comments?post=15"}],"version-history":[{"count":11,"href":"https:\/\/pokojenadmorzemewak.pl\/index.php\/wp-json\/wp\/v2\/pages\/15\/revisions"}],"predecessor-version":[{"id":231,"href":"https:\/\/pokojenadmorzemewak.pl\/index.php\/wp-json\/wp\/v2\/pages\/15\/revisions\/231"}],"wp:attachment":[{"href":"https:\/\/pokojenadmorzemewak.pl\/index.php\/wp-json\/wp\/v2\/media?parent=15"}],"curies":[{"name":"wp","href":"https:\/\/api.w.org\/{rel}","templated":true}]}}