{"id":17,"date":"2025-04-17T16:09:30","date_gmt":"2025-04-17T16:09:30","guid":{"rendered":"https:\/\/pokojenadmorzemewak.pl\/?page_id=17"},"modified":"2025-05-04T22:44:09","modified_gmt":"2025-05-04T22:44:09","slug":"ogrod","status":"publish","type":"page","link":"https:\/\/pokojenadmorzemewak.pl\/index.php\/ogrod\/","title":{"rendered":"Ogr\u00f3d"},"content":{"rendered":"\n<p class=\"has-medium-font-size\"><\/p>\n\n\n\n<div class=\"wp-block-media-text is-stacked-on-mobile\" style=\"grid-template-columns:46% auto\"><figure class=\"wp-block-media-text__media\"><img loading=\"lazy\" decoding=\"async\" width=\"1280\" height=\"720\" src=\"https:\/\/pokojenadmorzemewak.pl\/wp-content\/uploads\/2025\/04\/464306013_8442747112488870_9108218517526969993_n.jpg\" alt=\"\" class=\"wp-image-103 size-full\"\/><\/figure><div class=\"wp-block-media-text__content\">\n<p class=\"has-medium-font-size\">Na zdj\u0119ciach na pewno zauwa\u017cyli\u015bcie Pa\u0144stwo nasz ogr\u00f3d, kt\u00f3ry utrzymujemy w \u0142adzie aby\u015bcie mogli z niego korzysta\u0107.<br>Znajdziecie tam miejsce dla siebie\u00a0w r\u00f3\u017cnych\u00a0stanach ducha i cia\u0142a, od zadumy poprzez zwyk\u0142e leniuchowanie, a\u017c do um\u00f3wmy si\u0119, niezbyt ha\u0142a\u015bliwych imprezek przy\u00a0<a href=\"https:\/\/web.archive.org\/web\/20220312231739\/https:\/\/pl.wikipedia.org\/wiki\/Grill\">grillu<\/a>.<\/p>\n<\/div><\/div>\n\n\n\n<p class=\"has-medium-font-size\"><\/p>\n\n\n\n<div class=\"wp-block-media-text has-media-on-the-right is-stacked-on-mobile\" style=\"grid-template-columns:auto 41%\"><div class=\"wp-block-media-text__content\">\n<p class=\"has-medium-font-size\">I tu nadmieniamy, i\u017c z premedytacj\u0105 nie utworzyli\u015bmy specjalnego miejsca do grillowania, aby nie \u201esp\u0119dza\u0107\u201d Pa\u0144stwa w jedno miejsce (wszak amator\u00f3w sma\u017conych kie\u0142basek mo\u017ce by\u0107 wi\u0119cej w jednym czasie i nie koniecznie musz\u0105 si\u0119 integrowa\u0107), a uwag\u0119 nasz\u0105 skupili\u015bmy na tym, aby udost\u0119pni\u0107 grille w ilo\u015bci wystarczaj\u0105cej dla wszystkich grup ch\u0119tnych, aby odda\u0107 si\u0119 tej przyjemno\u015bci.<\/p>\n<\/div><figure class=\"wp-block-media-text__media\"><img loading=\"lazy\" decoding=\"async\" width=\"960\" height=\"720\" src=\"https:\/\/pokojenadmorzemewak.pl\/wp-content\/uploads\/2025\/04\/458966724_8084822618281323_2027121013188594243_n.jpg\" alt=\"\" class=\"wp-image-95 size-full\"\/><\/figure><\/div>\n\n\n\n<p class=\"has-medium-font-size\"><\/p>\n\n\n\n<div class=\"wp-block-media-text is-stacked-on-mobile\" style=\"grid-template-columns:32% auto\"><figure class=\"wp-block-media-text__media\"><img loading=\"lazy\" decoding=\"async\" width=\"720\" height=\"960\" src=\"https:\/\/pokojenadmorzemewak.pl\/wp-content\/uploads\/2025\/05\/464911403_8475431862553728_7623586220038389982_n.jpg\" alt=\"\" class=\"wp-image-247 size-full\"\/><\/figure><div class=\"wp-block-media-text__content\">\n<p class=\"has-medium-font-size\">Miejsce&nbsp;w ogrodzie znajd\u0105 r\u00f3wnie\u017c nasze pociechy, gdzie b\u0119d\u0105 mog\u0142y biega\u0107, skaka\u0107 czy mo\u017ce zagra\u0107 w badmintona.<br>Do\u015b\u0107 lubianym miejscem przez dzieci jest nasz \u201etowarzysz ogrodowy\u201d. Jest to rodzaj \u017ar\u00f3de\u0142ka z kt\u00f3rego wyp\u0142ywa czysta ale&nbsp;mokra&nbsp;woda i mimo, i\u017c poch\u0142ania dzieci na d\u0142ugi czas daj\u0105c b\u0142ogi spok\u00f3j rodzicom, to po zako\u0144czeniu zabawy bywa nerwowo \u2013 a tego pragniemy unikn\u0105\u0107 prosz\u0105c Pa\u0144stwa o zwracanie bacznej uwagi na poczynania swoich podopiecznych.<\/p>\n\n\n\n<p>Na terenie znajduje si\u0119 parking zdolny pomie\u015bci\u0107 16 samochod\u00f3w.<\/p>\n<\/div><\/div>\n","protected":false},"excerpt":{"rendered":"<p>Na zdj\u0119ciach na pewno zauwa\u017cyli\u015bcie Pa\u0144stwo nasz ogr\u00f3d, kt\u00f3ry utrzymujemy w \u0142adzie aby\u015bcie mogli z niego korzysta\u0107.Znajdziecie tam miejsce dla siebie\u00a0w r\u00f3\u017cnych\u00a0stanach ducha i cia\u0142a, od zadumy poprzez zwyk\u0142e leniuchowanie, [&hellip;]<\/p>\n","protected":false},"author":2,"featured_media":0,"parent":0,"menu_order":0,"comment_status":"closed","ping_status":"closed","template":"","meta":{"footnotes":""},"class_list":["post-17","page","type-page","status-publish","hentry"],"_links":{"self":[{"href":"https:\/\/pokojenadmorzemewak.pl\/index.php\/wp-json\/wp\/v2\/pages\/17","targetHints":{"allow":["GET"]}}],"collection":[{"href":"https:\/\/pokojenadmorzemewak.pl\/index.php\/wp-json\/wp\/v2\/pages"}],"about":[{"href":"https:\/\/pokojenadmorzemewak.pl\/index.php\/wp-json\/wp\/v2\/types\/page"}],"author":[{"embeddable":true,"href":"https:\/\/pokojenadmorzemewak.pl\/index.php\/wp-json\/wp\/v2\/users\/2"}],"replies":[{"embeddable":true,"href":"https:\/\/pokojenadmorzemewak.pl\/index.php\/wp-json\/wp\/v2\/comments?post=17"}],"version-history":[{"count":10,"href":"https:\/\/pokojenadmorzemewak.pl\/index.php\/wp-json\/wp\/v2\/pages\/17\/revisions"}],"predecessor-version":[{"id":250,"href":"https:\/\/pokojenadmorzemewak.pl\/index.php\/wp-json\/wp\/v2\/pages\/17\/revisions\/250"}],"wp:attachment":[{"href":"https:\/\/pokojenadmorzemewak.pl\/index.php\/wp-json\/wp\/v2\/media?parent=17"}],"curies":[{"name":"wp","href":"https:\/\/api.w.org\/{rel}","templated":true}]}}