{"id":19,"date":"2025-04-17T16:09:54","date_gmt":"2025-04-17T16:09:54","guid":{"rendered":"https:\/\/pokojenadmorzemewak.pl\/?page_id=19"},"modified":"2025-05-04T23:00:38","modified_gmt":"2025-05-04T23:00:38","slug":"pobliskie-atrakcje","status":"publish","type":"page","link":"https:\/\/pokojenadmorzemewak.pl\/index.php\/pobliskie-atrakcje\/","title":{"rendered":"Pobliskie atrakcje"},"content":{"rendered":"\n<p class=\"has-medium-font-size\">Naczytali\u015bcie si\u0119 Pa\u0144stwo c\u00f3\u017c to u nas nie znajdziecie, jakie to uch i ach, ale przychodz\u0105 dni, kiedy s\u0142oneczko wstydliwie chowa si\u0119 za chmury, albo spieczona sk\u00f3ra nie pozwala nast\u0119pnego dnia sp\u0119dzi\u0107 na pla\u017cy \u2013&nbsp; i co wtedy?<\/p>\n\n\n\n<p class=\"has-medium-font-size\">Miejsce, kt\u00f3re proponujemy nadaje si\u0119 znakomicie jako baza wypadowa do pobliskich atrakcyjnych miejsc.<br>Nadmieniali\u015bmy ju\u017c o spacerach, prosz\u0119 Pa\u0144stwa tereny tutejsze obfituj\u0105 w du\u017ce ilo\u015bci jodu, a o jego leczniczym dzia\u0142aniu nie musimy chyba si\u0119 rozpisywa\u0107.<\/p>\n\n\n\n<div class=\"wp-block-media-text has-media-on-the-right is-stacked-on-mobile\" style=\"grid-template-columns:auto 38%\"><div class=\"wp-block-media-text__content\">\n<p class=\"has-medium-font-size\">Nasi milusi\u0144scy ch\u0119tnie oddadz\u0105 si\u0119 beztroskim zabaw\u0105 na placu, kt\u00f3ry zosta\u0142 do tego celu stworzony w spos\u00f3b profesjonalny i przemy\u015blany \u2013 znajduje si\u0119 on w pobli\u017cu posesji parafialnej. Mi\u0142o r\u00f3wnie\u017c by\u0142oby gdyby b\u0119d\u0105c w pobli\u017cu zaj\u017ce\u0107 w\u00a0<a href=\"https:\/\/web.archive.org\/web\/20220203223210\/http:\/\/www.mikoszewoparafia.pl\/\">mury ko\u015bcielne<\/a>\u00a0czeka tam na Pa\u0144stwa \u201egospodarz\u201d ks. Marek, kt\u00f3rego umiej\u0119tno\u015bci oratorskie s\u0105 zjawiskowe.<br>Dla odwiedzenia pobliskich atrakcji warto z\u0142o\u017cy\u0107 r\u0119ce do Boga o jeden, dwa dzionki bez upalnego s\u0142o\u0144ca.<br>Z Ko\u015bcio\u0142a ju\u017c niewielki kroczek nad Wis\u0142\u0119.<\/p>\n<\/div><figure class=\"wp-block-media-text__media\"><img loading=\"lazy\" decoding=\"async\" width=\"1280\" height=\"916\" src=\"https:\/\/pokojenadmorzemewak.pl\/wp-content\/uploads\/2025\/05\/Mikoszewo_kosciol.jpg\" alt=\"\" class=\"wp-image-252 size-full\"\/><\/figure><\/div>\n\n\n\n<p class=\"has-medium-font-size\"><br>Jej uj\u015bcie pozostawi Pa\u0144stwu niezapomniane wra\u017cenia. Nie jeden ze szcz\u0119\u015bliwc\u00f3w, kt\u00f3rym dane by\u0142o ujrze\u0107 ten widok pozostawi\u0142 po sobie tomik wierszy gloryfikuj\u0105cy ten malowniczy stan.<br>W\u015br\u00f3d wielu milion\u00f3w ludzi w Polsce nie wszystkim dane by\u0142o prze\u017cy\u0107 podr\u00f3\u017c promem. Zapewniamy, i\u017c jest to zupe\u0142nie inna przeprawa w poprzek Wis\u0142y ni\u017c przejazd mostem \u015awi\u0119tokrzyskim \ud83d\ude09 (i niekoniecznie trzeba by\u0107 zmotoryzowanym).<\/p>\n\n\n\n<p class=\"has-medium-font-size\">Dzieciom koniecznie trzeba zafundowa\u0107 przeja\u017cd\u017ck\u0119 kolejk\u0105 w\u0105skotorow\u0105, dla nich to naprawd\u0119 frajda.<br>Mo\u017ce po\u0142\u0105czy\u0107 t\u0119 uciech\u0119 z uczestnictwem w mistrzostwach \u015bwiata w po\u0142awianiu bursztynu, kt\u00f3re ka\u017cdego lata odbywaj\u0105 si\u0119 w Jantarze (6 km)<\/p>\n\n\n\n<p class=\"has-medium-font-size\">Dla tych, kt\u00f3rzy zrezygnuj\u0105 z wylegiwania si\u0119 na piaskach wspania\u0142ej pla\u017cy, proponujemy wypad do Malborka.<br><\/p>\n\n\n\n<div class=\"wp-block-media-text is-stacked-on-mobile\" style=\"grid-template-columns:38% auto\"><figure class=\"wp-block-media-text__media\"><img loading=\"lazy\" decoding=\"async\" width=\"1370\" height=\"910\" src=\"https:\/\/pokojenadmorzemewak.pl\/wp-content\/uploads\/2025\/05\/Malbork_zamek_dron1.jpg\" alt=\"\" class=\"wp-image-254 size-full\"\/><\/figure><div class=\"wp-block-media-text__content\">\n<p class=\"has-medium-font-size\">Mili Pa\u0144stwo do Malborka przyje\u017cd\u017caj\u0105 wycieczki z ca\u0142ej Polski i wielu miejsc Europy, niejednokrotnie okupione wielu set kilometrow\u0105 podr\u00f3\u017c\u0105 i ko\u0144cz\u0105ce si\u0119 zachwytem.<br>B\u0119d\u0105c 50 km od miejsca legend poprostu niewolo Pa\u0144stwu tam nie by\u0107.<\/p>\n<\/div><\/div>\n\n\n\n<p class=\"has-medium-font-size\">Goszcz\u0105c u nas, historia b\u0119dzie towarzyszy\u0142a Pa\u0144stwu nie tylko w Malborku. Jest jeszcze w pobli\u017cu jedno miejsce, o kt\u00f3rym m\u00f3wi\u0105 w r\u00f3\u017cnych j\u0119zykach \u015bwiata.<br>Stutthof \u2013 (13 km od pensjonatu) jest miejscem, kt\u00f3re nale\u017cy odwiedzi\u0107, do czego serdecznie namawiamy \u2013 namawiamy do odwiedzenia tego miejsca rowerem: wspania\u0142a droga przez las \u2013 t\u0119\u017cyzna fizyczna wzmaga si\u0119 i pot\u0119guje, a i kalorie od\u0142o\u017cone po posi\u0142kach w licznych, mikoszewskich punktach gastronomicznych odejd\u0105 w zapomnienie.<\/p>\n\n\n\n<p class=\"has-medium-font-size\"><\/p>\n\n\n\n<div class=\"wp-block-media-text has-media-on-the-right is-stacked-on-mobile\" style=\"grid-template-columns:auto 39%\"><div class=\"wp-block-media-text__content\">\n<p class=\"has-medium-font-size\">Gdyby w czasie Pa\u0144stwa wypoczynku pojawi\u0142o si\u0119 wi\u0119cej ni\u017c jeden dzionek niepogody, zach\u0119camy do przeprawy promowej, przejazdu przez wysp\u0119 Sobieszewsk\u0105 poprzez most pontonowy na Starej Wi\u015ble, aby docelowo dojecha\u0107 do Gda\u0144ska (30 km.)<br>Lato w Gda\u0144sku to przepi\u0119kna i s\u0142awna star\u00f3wka, Jarmark Dominika\u0144ski (30.lipca do 20. sierpnia) z histori\u0105 si\u0119gaj\u0105c\u0105 XIII w. , mo\u017cliwo\u015b\u0107 uzupe\u0142nienia swojej garderoby na dalszy wypoczynek w Mikoszewie, a mo\u017ce po kr\u00f3tkiej podr\u00f3\u017cy, zdj\u0119cie na Sopockim Molo?<\/p>\n<\/div><figure class=\"wp-block-media-text__media\"><img loading=\"lazy\" decoding=\"async\" width=\"1523\" height=\"854\" src=\"https:\/\/pokojenadmorzemewak.pl\/wp-content\/uploads\/2025\/05\/prom.jpg\" alt=\"\" class=\"wp-image-255 size-full\"\/><\/figure><\/div>\n\n\n\n<p class=\"has-medium-font-size\">To oczywi\u015bcie nie wszystko co oferujemy jako okoliczne atrakcje \u2013 naprawd\u0119 jest co zobaczy\u0107.<\/p>\n\n\n\n<p class=\"has-medium-font-size\">Zatoka gda\u0144ska poza bezdyskusyjnym pi\u0119knem, \u0142agodnym dnem i niezbyt wysokimi falami ma jeszcze jedn\u0105 zalet\u0119 \u2013 jest stosunkowo blisko dla ludzi z wielkich aglomeracji.<br>(Z Warszawy w sezonie to tylko cztery godziny jazdy samochodem)<\/p>\n","protected":false},"excerpt":{"rendered":"<p>Naczytali\u015bcie si\u0119 Pa\u0144stwo c\u00f3\u017c to u nas nie znajdziecie, jakie to uch i ach, ale przychodz\u0105 dni, kiedy s\u0142oneczko wstydliwie chowa si\u0119 za chmury, albo spieczona sk\u00f3ra nie pozwala nast\u0119pnego [&hellip;]<\/p>\n","protected":false},"author":2,"featured_media":0,"parent":0,"menu_order":0,"comment_status":"closed","ping_status":"closed","template":"","meta":{"footnotes":""},"class_list":["post-19","page","type-page","status-publish","hentry"],"_links":{"self":[{"href":"https:\/\/pokojenadmorzemewak.pl\/index.php\/wp-json\/wp\/v2\/pages\/19","targetHints":{"allow":["GET"]}}],"collection":[{"href":"https:\/\/pokojenadmorzemewak.pl\/index.php\/wp-json\/wp\/v2\/pages"}],"about":[{"href":"https:\/\/pokojenadmorzemewak.pl\/index.php\/wp-json\/wp\/v2\/types\/page"}],"author":[{"embeddable":true,"href":"https:\/\/pokojenadmorzemewak.pl\/index.php\/wp-json\/wp\/v2\/users\/2"}],"replies":[{"embeddable":true,"href":"https:\/\/pokojenadmorzemewak.pl\/index.php\/wp-json\/wp\/v2\/comments?post=19"}],"version-history":[{"count":6,"href":"https:\/\/pokojenadmorzemewak.pl\/index.php\/wp-json\/wp\/v2\/pages\/19\/revisions"}],"predecessor-version":[{"id":257,"href":"https:\/\/pokojenadmorzemewak.pl\/index.php\/wp-json\/wp\/v2\/pages\/19\/revisions\/257"}],"wp:attachment":[{"href":"https:\/\/pokojenadmorzemewak.pl\/index.php\/wp-json\/wp\/v2\/media?parent=19"}],"curies":[{"name":"wp","href":"https:\/\/api.w.org\/{rel}","templated":true}]}}