{"id":23,"date":"2025-04-17T16:11:15","date_gmt":"2025-04-17T16:11:15","guid":{"rendered":"https:\/\/pokojenadmorzemewak.pl\/?page_id=23"},"modified":"2025-05-04T23:02:40","modified_gmt":"2025-05-04T23:02:40","slug":"zasady-rezerwacji","status":"publish","type":"page","link":"https:\/\/pokojenadmorzemewak.pl\/index.php\/zasady-rezerwacji\/","title":{"rendered":"Zasady rezerwacji"},"content":{"rendered":"\n<h4 class=\"wp-block-heading has-medium-font-size\">W celu rezerwacji prosimy o kontakt mailowy lub telefoniczny, aby ustali\u0107 termin pobytu.<br>Po potwierdzeniu terminu, w ci\u0105gu&nbsp;4 dni&nbsp;(nie p\u00f3\u017aniej ni\u017c na 2 dni przed dniem rozpocz\u0119cia wypoczynku)&nbsp;prosimy o wp\u0142at\u0119 30% ustalonej warto\u015bci na konto bankowe:<\/h4>\n\n\n\n<p class=\"has-medium-font-size\"><strong>32 1140 2004 0000 3702 6784 8066<\/strong><br>(pe\u0142ne dane otrzymaj\u0105 Pa\u0144stwo mailem lub SMS-em)<\/p>\n\n\n\n<p class=\"has-medium-font-size\">podaj\u0105c swoje dane, a jako tytu\u0142 wpisuj\u0105c dwie daty \u2013 przyjazdu i wyjazdu&nbsp;(to bardzo&nbsp; u\u0142atwi nam sprawy administracyjne).<\/p>\n\n\n\n<p class=\"has-medium-font-size\">Zawsze po zaksi\u0119gowaniu wp\u0142aty potwierdzamy ten fakt mailowo lub SMS.<\/p>\n\n\n\n<p class=\"has-medium-font-size\">Pozosta\u0142a nale\u017cno\u015b\u0107 za pobyt wraz z op\u0142at\u0105 klimatyczn\u0105 pobierana jest w dniu przyjazdu. Zadatek nie podlega zwrotowi.<\/p>\n\n\n\n<p class=\"has-medium-font-size\">Po tym fakcie czekamy na Pa\u0144stwa w&nbsp;<a href=\"https:\/\/web.archive.org\/web\/20220312231652\/https:\/\/pl.wikipedia.org\/wiki\/Mikoszewo\">Mikoszewie<\/a>.<\/p>\n\n\n\n<p class=\"has-medium-font-size\">Gdyby z jakichkolwiek przyczyn, zarezerwowany przez Pa\u0144stwa wypoczynek w naszym o\u015brodku, nie m\u00f3g\u0142 doj\u015b\u0107 do skutku \u2013 prosimy o jak najszybsze poinformowanie nas o tym. Nie istnieje mo\u017cliwo\u015b\u0107 skr\u00f3cenia terminu w dniu przyjazdu lub w jego trakcie. Op\u0142ata pobierana jest za ca\u0142y pobyt ustalony wcze\u015bniej.<\/p>\n\n\n\n<p><strong>Ewa 501 514 004<\/strong><br><strong>Marek 501 80 80 93<\/strong><\/p>\n\n\n\n<p><\/p>\n","protected":false},"excerpt":{"rendered":"<p>W celu rezerwacji prosimy o kontakt mailowy lub telefoniczny, aby ustali\u0107 termin pobytu.Po potwierdzeniu terminu, w ci\u0105gu&nbsp;4 dni&nbsp;(nie p\u00f3\u017aniej ni\u017c na 2 dni przed dniem rozpocz\u0119cia wypoczynku)&nbsp;prosimy o wp\u0142at\u0119 30% [&hellip;]<\/p>\n","protected":false},"author":2,"featured_media":0,"parent":0,"menu_order":0,"comment_status":"closed","ping_status":"closed","template":"","meta":{"footnotes":""},"class_list":["post-23","page","type-page","status-publish","hentry"],"_links":{"self":[{"href":"https:\/\/pokojenadmorzemewak.pl\/index.php\/wp-json\/wp\/v2\/pages\/23","targetHints":{"allow":["GET"]}}],"collection":[{"href":"https:\/\/pokojenadmorzemewak.pl\/index.php\/wp-json\/wp\/v2\/pages"}],"about":[{"href":"https:\/\/pokojenadmorzemewak.pl\/index.php\/wp-json\/wp\/v2\/types\/page"}],"author":[{"embeddable":true,"href":"https:\/\/pokojenadmorzemewak.pl\/index.php\/wp-json\/wp\/v2\/users\/2"}],"replies":[{"embeddable":true,"href":"https:\/\/pokojenadmorzemewak.pl\/index.php\/wp-json\/wp\/v2\/comments?post=23"}],"version-history":[{"count":3,"href":"https:\/\/pokojenadmorzemewak.pl\/index.php\/wp-json\/wp\/v2\/pages\/23\/revisions"}],"predecessor-version":[{"id":258,"href":"https:\/\/pokojenadmorzemewak.pl\/index.php\/wp-json\/wp\/v2\/pages\/23\/revisions\/258"}],"wp:attachment":[{"href":"https:\/\/pokojenadmorzemewak.pl\/index.php\/wp-json\/wp\/v2\/media?parent=23"}],"curies":[{"name":"wp","href":"https:\/\/api.w.org\/{rel}","templated":true}]}}