{"id":25,"date":"2025-04-17T16:11:57","date_gmt":"2025-04-17T16:11:57","guid":{"rendered":"https:\/\/pokojenadmorzemewak.pl\/?page_id=25"},"modified":"2025-05-04T22:19:17","modified_gmt":"2025-05-04T22:19:17","slug":"cennik","status":"publish","type":"page","link":"https:\/\/pokojenadmorzemewak.pl\/index.php\/cennik\/","title":{"rendered":"Cennik"},"content":{"rendered":"\n<p class=\"has-medium-font-size\"><\/p>\n\n\n\n<div class=\"wp-block-media-text has-media-on-the-right is-stacked-on-mobile\" style=\"grid-template-columns:auto 25%\"><div class=\"wp-block-media-text__content\">\n<p>Ceny pokoi ustalane s\u0105 indywidualnie w zale\u017cno\u015bci od ilo\u015bci os\u00f3b, d\u0142ugo\u015bci pobytu oraz terminu wcze\u015bniejszej rezerwacji.<\/p>\n\n\n\n<p>Ze wzgl\u0119du na pobyt wczasowicz\u00f3w z problemami alergicznymi \u2013 przyjazd ze zwierz\u0119tami jest mo\u017cliwy po wcze\u015bniejszej konsultacji.<\/p>\n<\/div><figure class=\"wp-block-media-text__media\"><img loading=\"lazy\" decoding=\"async\" width=\"300\" height=\"300\" src=\"https:\/\/pokojenadmorzemewak.pl\/wp-content\/uploads\/2025\/05\/60352125_424622325001906_7401407550811275264_n-300x300-1.jpg\" alt=\"\" class=\"wp-image-218 size-full\"\/><\/figure><\/div>\n\n\n\n<p><\/p>\n","protected":false},"excerpt":{"rendered":"<p>Ceny pokoi ustalane s\u0105 indywidualnie w zale\u017cno\u015bci od ilo\u015bci os\u00f3b, d\u0142ugo\u015bci pobytu oraz terminu wcze\u015bniejszej rezerwacji. Ze wzgl\u0119du na pobyt wczasowicz\u00f3w z problemami alergicznymi \u2013 przyjazd ze zwierz\u0119tami jest mo\u017cliwy [&hellip;]<\/p>\n","protected":false},"author":2,"featured_media":0,"parent":0,"menu_order":0,"comment_status":"closed","ping_status":"closed","template":"","meta":{"footnotes":""},"class_list":["post-25","page","type-page","status-publish","hentry"],"_links":{"self":[{"href":"https:\/\/pokojenadmorzemewak.pl\/index.php\/wp-json\/wp\/v2\/pages\/25","targetHints":{"allow":["GET"]}}],"collection":[{"href":"https:\/\/pokojenadmorzemewak.pl\/index.php\/wp-json\/wp\/v2\/pages"}],"about":[{"href":"https:\/\/pokojenadmorzemewak.pl\/index.php\/wp-json\/wp\/v2\/types\/page"}],"author":[{"embeddable":true,"href":"https:\/\/pokojenadmorzemewak.pl\/index.php\/wp-json\/wp\/v2\/users\/2"}],"replies":[{"embeddable":true,"href":"https:\/\/pokojenadmorzemewak.pl\/index.php\/wp-json\/wp\/v2\/comments?post=25"}],"version-history":[{"count":5,"href":"https:\/\/pokojenadmorzemewak.pl\/index.php\/wp-json\/wp\/v2\/pages\/25\/revisions"}],"predecessor-version":[{"id":220,"href":"https:\/\/pokojenadmorzemewak.pl\/index.php\/wp-json\/wp\/v2\/pages\/25\/revisions\/220"}],"wp:attachment":[{"href":"https:\/\/pokojenadmorzemewak.pl\/index.php\/wp-json\/wp\/v2\/media?parent=25"}],"curies":[{"name":"wp","href":"https:\/\/api.w.org\/{rel}","templated":true}]}}