{"id":27,"date":"2025-04-17T16:13:03","date_gmt":"2025-04-17T16:13:03","guid":{"rendered":"https:\/\/pokojenadmorzemewak.pl\/?page_id=27"},"modified":"2025-05-04T22:35:29","modified_gmt":"2025-05-04T22:35:29","slug":"jak-dojechac","status":"publish","type":"page","link":"https:\/\/pokojenadmorzemewak.pl\/index.php\/jak-dojechac\/","title":{"rendered":"Jak dojecha\u0107?"},"content":{"rendered":"\n<p class=\"has-medium-font-size\">Jad\u0105cym z po\u0142udnia drog\u0105 nr 7 proponujemy skr\u0119t w miejscowo\u015bci Kie\u017cmark (tu\u017c przed mostem na Wi\u015ble na 46,0\u2033s\u0142upku\u201d) w prawo. Droga jest oznaczona drogowskazami \u201e<a href=\"https:\/\/web.archive.org\/web\/20220510152434\/https:\/\/pl.wikipedia.org\/wiki\/Mikoszewo\">Mikoszewo<\/a>\u201e. Po doje\u017adzie do samego Mikoszewa skr\u0119t w lewo (kierunek \u201eGda\u0144sk\u201d) nast\u0119pnie pierwsza w prawo (ul Bursztynowa, kierunek \u201epla\u017ca\u201d) nast\u0119pnie pierwsza w prawo (ul. D\u0142uga) oraz pierwsza w prawo (bez nazwy) tak, tak \u2013 trzy razy w prawo. Pierwsza napotkana brama po prawej jest bram\u0105 wjazdow\u0105 na nasz parking.<\/p>\n\n\n\n<p class=\"has-medium-font-size\">Mo\u017cna oczywi\u015bcie skorzysta\u0107 ze skr\u0119tu w Nowym Dworze Gda\u0144skim \u201ena Stegn\u0119\u201d, w Stegnie na rondzie w lewo i po przejechaniu 10 km w Mikoszewie zaraz za skrzy\u017cowaniem \u201ena Elbl\u0105g\u201d rozpocz\u0105\u0107 procedur\u0119 \u201e3x w prawo&nbsp;&nbsp;(ta droga, naszym zdaniem, jest ze wzgl\u0119d\u00f3w na du\u017cy ruch bardziej czasoch\u0142onn\u0105)<\/p>\n\n\n\n<p class=\"has-medium-font-size\">Jad\u0105cych z p\u00f3\u0142nocy czeka taka sama droga z t\u0105 tylko r\u00f3\u017cnic\u0105, \u017ce z krajowej 7-emki w prawo (tak, tak \u2013 w prawo) skr\u0119c\u0105 tu\u017c za mostem na Wi\u015ble.<br>Ewentualnie mo\u017cna skorzysta\u0107 ze skr\u0119tu w lewo w miejscowo\u015bci Przejazdowo \u201ena Sobieszewo\u201d nast\u0119pnie w miejscowo\u015bci \u015awibno przeprawi\u0107 si\u0119 promem na drug\u0105 stron\u0119 Wis\u0142y. Po przejechaniu dw\u00f3ch kilometr\u00f3w (200 m przed skrzy\u017cowaniem na Elbl\u0105g) w lewo (w ulic\u0119 Bursztynow\u0105) po czym pierwsza w prawo (ul. D\u0142uga) oraz pierwsza w prawo (bez nazwy) pierwsza brama po prawej jest bram\u0105 wjazdow\u0105 na nasz parking.<\/p>\n\n\n\n<p class=\"has-medium-font-size\"><strong>dla posiadaczy systemu GPS:<\/strong><br><strong>N 54 20 04.4<\/strong><br><strong>E 18 57 59.8<\/strong><\/p>\n\n\n\n<figure class=\"wp-block-image size-full\"><img loading=\"lazy\" decoding=\"async\" width=\"1280\" height=\"720\" src=\"https:\/\/pokojenadmorzemewak.pl\/wp-content\/uploads\/2025\/04\/464801744_8477165279047053_6301537924440056809_n.jpg\" alt=\"\" class=\"wp-image-112\"\/><\/figure>\n","protected":false},"excerpt":{"rendered":"<p>Jad\u0105cym z po\u0142udnia drog\u0105 nr 7 proponujemy skr\u0119t w miejscowo\u015bci Kie\u017cmark (tu\u017c przed mostem na Wi\u015ble na 46,0\u2033s\u0142upku\u201d) w prawo. Droga jest oznaczona drogowskazami \u201eMikoszewo\u201e. Po doje\u017adzie do samego Mikoszewa [&hellip;]<\/p>\n","protected":false},"author":2,"featured_media":0,"parent":0,"menu_order":0,"comment_status":"closed","ping_status":"closed","template":"","meta":{"footnotes":""},"class_list":["post-27","page","type-page","status-publish","hentry"],"_links":{"self":[{"href":"https:\/\/pokojenadmorzemewak.pl\/index.php\/wp-json\/wp\/v2\/pages\/27","targetHints":{"allow":["GET"]}}],"collection":[{"href":"https:\/\/pokojenadmorzemewak.pl\/index.php\/wp-json\/wp\/v2\/pages"}],"about":[{"href":"https:\/\/pokojenadmorzemewak.pl\/index.php\/wp-json\/wp\/v2\/types\/page"}],"author":[{"embeddable":true,"href":"https:\/\/pokojenadmorzemewak.pl\/index.php\/wp-json\/wp\/v2\/users\/2"}],"replies":[{"embeddable":true,"href":"https:\/\/pokojenadmorzemewak.pl\/index.php\/wp-json\/wp\/v2\/comments?post=27"}],"version-history":[{"count":3,"href":"https:\/\/pokojenadmorzemewak.pl\/index.php\/wp-json\/wp\/v2\/pages\/27\/revisions"}],"predecessor-version":[{"id":234,"href":"https:\/\/pokojenadmorzemewak.pl\/index.php\/wp-json\/wp\/v2\/pages\/27\/revisions\/234"}],"wp:attachment":[{"href":"https:\/\/pokojenadmorzemewak.pl\/index.php\/wp-json\/wp\/v2\/media?parent=27"}],"curies":[{"name":"wp","href":"https:\/\/api.w.org\/{rel}","templated":true}]}}