{"id":29,"date":"2025-04-17T16:15:43","date_gmt":"2025-04-17T16:15:43","guid":{"rendered":"https:\/\/pokojenadmorzemewak.pl\/?page_id=29"},"modified":"2025-05-04T22:38:34","modified_gmt":"2025-05-04T22:38:34","slug":"kontakt-z-nami","status":"publish","type":"page","link":"https:\/\/pokojenadmorzemewak.pl\/index.php\/kontakt-z-nami\/","title":{"rendered":"Kontakt z nami"},"content":{"rendered":"\n<div class=\"wp-block-media-text has-media-on-the-right is-stacked-on-mobile\" style=\"grid-template-columns:auto 31%\"><div class=\"wp-block-media-text__content\">\n<p><\/p>\n\n\n\n<figure class=\"wp-block-image size-full\"><img loading=\"lazy\" decoding=\"async\" width=\"255\" height=\"40\" src=\"https:\/\/pokojenadmorzemewak.pl\/wp-content\/uploads\/2025\/04\/email.jpg\" alt=\"\" class=\"wp-image-30\"\/><\/figure>\n\n\n\n<p class=\"has-medium-font-size\">lub, je\u015bli wolicie Pa\u0144stwo&nbsp;<a href=\"https:\/\/web.archive.org\/web\/20220421150623\/https:\/\/pl.wikipedia.org\/wiki\/Mikoszewo\">kontakt<\/a>&nbsp;telefoniczny<br>jeste\u015bmy do Pa\u0144stwa dyspozycji pod numerami telefon\u00f3w:<\/p>\n\n\n\n<p class=\"has-medium-font-size\"><strong>Ewa 501 514 004<\/strong><br><strong>Marek 501 80 80 93<\/strong><\/p>\n<\/div><figure class=\"wp-block-media-text__media\"><img loading=\"lazy\" decoding=\"async\" width=\"960\" height=\"720\" src=\"https:\/\/pokojenadmorzemewak.pl\/wp-content\/uploads\/2025\/05\/458725120_8084822078281377_4546511780256138443_n.jpg\" alt=\"\" class=\"wp-image-237 size-full\"\/><\/figure><\/div>\n","protected":false},"excerpt":{"rendered":"","protected":false},"author":2,"featured_media":0,"parent":0,"menu_order":0,"comment_status":"closed","ping_status":"closed","template":"","meta":{"footnotes":""},"class_list":["post-29","page","type-page","status-publish","hentry"],"_links":{"self":[{"href":"https:\/\/pokojenadmorzemewak.pl\/index.php\/wp-json\/wp\/v2\/pages\/29","targetHints":{"allow":["GET"]}}],"collection":[{"href":"https:\/\/pokojenadmorzemewak.pl\/index.php\/wp-json\/wp\/v2\/pages"}],"about":[{"href":"https:\/\/pokojenadmorzemewak.pl\/index.php\/wp-json\/wp\/v2\/types\/page"}],"author":[{"embeddable":true,"href":"https:\/\/pokojenadmorzemewak.pl\/index.php\/wp-json\/wp\/v2\/users\/2"}],"replies":[{"embeddable":true,"href":"https:\/\/pokojenadmorzemewak.pl\/index.php\/wp-json\/wp\/v2\/comments?post=29"}],"version-history":[{"count":8,"href":"https:\/\/pokojenadmorzemewak.pl\/index.php\/wp-json\/wp\/v2\/pages\/29\/revisions"}],"predecessor-version":[{"id":241,"href":"https:\/\/pokojenadmorzemewak.pl\/index.php\/wp-json\/wp\/v2\/pages\/29\/revisions\/241"}],"wp:attachment":[{"href":"https:\/\/pokojenadmorzemewak.pl\/index.php\/wp-json\/wp\/v2\/media?parent=29"}],"curies":[{"name":"wp","href":"https:\/\/api.w.org\/{rel}","templated":true}]}}